{"id":209,"date":"2015-07-14T14:50:10","date_gmt":"2015-07-14T14:50:10","guid":{"rendered":"http:\/\/test.kriesi.at\/minimal-portfolio\/?page_id=9"},"modified":"2024-05-12T20:40:35","modified_gmt":"2024-05-12T20:40:35","slug":"home","status":"publish","type":"page","link":"https:\/\/www.ciefaa.com\/","title":{"rendered":"Home"},"content":{"rendered":"<div id='full_slider_1'  class='avia-fullwidth-slider main_color avia-shadow   avia-builder-el-0  el_before_av_section  avia-builder-el-first   container_wrap fullsize' style=' '  ><div   data-size='featured_large'  data-lightbox_size='large'  data-animation='fade'  data-transition_speed='100'  data-conditional_play=''  data-ids='602,603'  data-video_counter='0'  data-autoplay='true'  data-bg_slider='false'  data-slide_height=''  data-handle='av_slideshow_full'  data-interval='5'  data-class=' '  data-el_id=''  data-css_id=''  data-scroll_down=''  data-control_layout='av-control-minimal'  data-custom_markup=''  data-perma_caption=''  data-autoplay_stopper=''  data-image_attachment=''  data-min_height='0px'  data-lazy_loading='disabled'  data-src=''  data-position='top left'  data-repeat='no-repeat'  data-attach='scroll'  data-stretch=''  data-default-height='42'  class='avia-slideshow avia-slideshow-1  av-control-minimal av-default-height-applied avia-slideshow-featured_large av_slideshow_full   avia-fade-slider '  itemprop=\"image\" itemscope=\"itemscope\" itemtype=\"https:\/\/schema.org\/ImageObject\" ><ul class='avia-slideshow-inner ' style='padding-bottom: 36.851851851852%;' ><li  class=' slide-1 ' ><div data-rel='slideshow-1' class='avia-slide-wrap '   ><img decoding=\"async\" class=\"wp-image-602 avia-img-lazy-loading-not-602\"  src=\"https:\/\/www.ciefaa.com\/wp-content\/uploads\/2021\/08\/image1.jpeg\" width=\"1080\" height=\"398\" title='image1' alt=''  itemprop=\"thumbnailUrl\" srcset=\"https:\/\/www.ciefaa.com\/wp-content\/uploads\/2021\/08\/image1.jpeg 1080w, https:\/\/www.ciefaa.com\/wp-content\/uploads\/2021\/08\/image1-300x111.jpeg 300w, https:\/\/www.ciefaa.com\/wp-content\/uploads\/2021\/08\/image1-1030x380.jpeg 1030w, https:\/\/www.ciefaa.com\/wp-content\/uploads\/2021\/08\/image1-768x283.jpeg 768w, https:\/\/www.ciefaa.com\/wp-content\/uploads\/2021\/08\/image1-705x260.jpeg 705w\" sizes=\"(max-width: 1080px) 100vw, 1080px\" \/><\/div><\/li><li  class=' slide-2 ' ><div data-rel='slideshow-1' class='avia-slide-wrap '   ><img decoding=\"async\" class=\"wp-image-603 avia-img-lazy-loading-not-603\"  src=\"https:\/\/www.ciefaa.com\/wp-content\/uploads\/2021\/08\/image2.jpeg\" width=\"1080\" height=\"398\" title='image2' alt=''  itemprop=\"thumbnailUrl\" srcset=\"https:\/\/www.ciefaa.com\/wp-content\/uploads\/2021\/08\/image2.jpeg 1080w, https:\/\/www.ciefaa.com\/wp-content\/uploads\/2021\/08\/image2-300x111.jpeg 300w, https:\/\/www.ciefaa.com\/wp-content\/uploads\/2021\/08\/image2-1030x380.jpeg 1030w, https:\/\/www.ciefaa.com\/wp-content\/uploads\/2021\/08\/image2-768x283.jpeg 768w, https:\/\/www.ciefaa.com\/wp-content\/uploads\/2021\/08\/image2-705x260.jpeg 705w\" sizes=\"(max-width: 1080px) 100vw, 1080px\" \/><\/div><\/li><\/ul><div class='avia-slideshow-arrows avia-slideshow-controls' ><a href='#prev' class='prev-slide ' aria-hidden='true' data-av_icon='\ue87c' data-av_iconfont='entypo-fontello' aria-hidden='true' tabindex='-1'>Previous<\/a><a href='#next' class='next-slide ' aria-hidden='true' data-av_icon='\ue87d' data-av_iconfont='entypo-fontello' aria-hidden='true' tabindex='-1'>Next<\/a><\/div><div class='avia-slideshow-dots avia-slideshow-controls'><a href='#1' class='goto-slide active' >1<\/a><a href='#2' class='goto-slide ' >2<\/a><\/div><\/div><\/div>\n<div id='av_section_1'  class='avia-section main_color avia-section-large avia-no-border-styling  avia-bg-style-scroll  avia-builder-el-1  el_after_av_slideshow_full  el_before_av_one_full   container_wrap fullsize' style=' '  ><div class='container' ><div class='template-page content  av-content-full alpha units'><div class='post-entry post-entry-type-page post-entry-209'><div class='entry-content-wrapper clearfix'>\n<div class=\"flex_column av_one_full  av-animated-generic bottom-to-top  flex_column_div av-zero-column-padding first  avia-builder-el-2  avia-builder-el-no-sibling  \" style='border-radius:0px; '><div  style='padding-bottom:10px; font-size:25px;' class='av-special-heading av-special-heading-h1  blockquote modern-quote modern-centered  avia-builder-el-3  avia-builder-el-no-sibling  av-inherit-size '><h1 class='av-special-heading-tag '  itemprop=\"headline\"  >CIEFAA: Centre International d\u2019\u00c9tude et de Formation en Agriculture et en Agroalimentaire<\/h1><div class='special-heading-border'><div class='special-heading-inner-border' ><\/div><\/div><\/div><\/div>\n<\/div><\/div><\/div><!-- close content main div --><\/div><\/div><div id='after_section_1'  class='main_color av_default_container_wrap container_wrap fullsize' style=' '  ><div class='container' ><div class='template-page content  av-content-full alpha units'><div class='post-entry post-entry-type-page post-entry-209'><div class='entry-content-wrapper clearfix'>\n<div class=\"flex_column av_one_full  av-animated-generic bottom-to-top  flex_column_div av-zero-column-padding first  avia-builder-el-4  el_after_av_section  el_before_av_hr  avia-builder-el-first  \" style='border-radius:0px; '><\/div><div   class='hr hr-default   avia-builder-el-5  el_after_av_one_full  el_before_av_one_full '><span class='hr-inner ' ><span class='hr-inner-style'><\/span><\/span><\/div><\/p>\n<div class=\"flex_column av_one_full  av-animated-generic bottom-to-top  flex_column_div av-zero-column-padding first  avia-builder-el-6  el_after_av_hr  el_before_av_postslider  \" style='border-radius:0px; '><p><div  style='padding-bottom:10px; font-size:31px;' class='av-special-heading av-special-heading-h1  blockquote modern-quote modern-centered  avia-builder-el-7  el_before_av_hr  avia-builder-el-first  av-inherit-size '><h1 class='av-special-heading-tag '  itemprop=\"headline\"  >Nos derniers articles<\/h1><div class='special-heading-border'><div class='special-heading-inner-border' ><\/div><\/div><\/div><br \/>\n<div   class='hr hr-default   avia-builder-el-8  el_after_av_heading  avia-builder-el-last '><span class='hr-inner ' ><span class='hr-inner-style'><\/span><\/span><\/div><\/p><\/div>\n<div   data-autoplay=''  data-interval='5'  data-animation='fade'  data-show_slide_delay='90'  class='avia-content-slider avia-content-slider-active avia-content-slider1 avia-content-slider-odd  avia-builder-el-9  el_after_av_one_full  avia-builder-el-last  '  itemscope=\"itemscope\" itemtype=\"https:\/\/schema.org\/Blog\" ><div class='avia-content-slider-inner'><div class='slide-entry-wrap'><article class='slide-entry flex_column  post-entry post-entry-1082 slide-entry-overview slide-loop-1 slide-parity-odd  av_one_third first real-thumbnail post-format-standard'  itemscope=\"itemscope\" itemtype=\"https:\/\/schema.org\/CreativeWork\" ><a href='https:\/\/www.ciefaa.com\/index.php\/2023\/12\/03\/programme-cultivons-lexcellence-2eme-edition\/' data-rel='slide-1' class='slide-image' title='Projet \u00ab\u00a0Cultivons l\u2019Excellence\u00a0\u00bb, 2\u00e8me \u00e9dition'><img decoding=\"async\" width=\"495\" height=\"400\" src=\"https:\/\/www.ciefaa.com\/wp-content\/uploads\/2023\/12\/ciefaa4-495x400.jpg\" class=\"wp-image-1087 avia-img-lazy-loading-not-1087 attachment-portfolio size-portfolio wp-post-image\" alt=\"\" srcset=\"https:\/\/www.ciefaa.com\/wp-content\/uploads\/2023\/12\/ciefaa4-495x400.jpg 495w, https:\/\/www.ciefaa.com\/wp-content\/uploads\/2023\/12\/ciefaa4-845x684.jpg 845w\" sizes=\"(max-width: 495px) 100vw, 495px\" \/><\/a><div class='slide-content'><header class=\"entry-content-header\"><span class=\"blog-categories minor-meta\"><a href=\"https:\/\/www.ciefaa.com\/index.php\/category\/excellence\/\" rel=\"tag\">Excellence<\/a> <\/span><h3 class='slide-entry-title entry-title '  itemprop=\"headline\" ><a href='https:\/\/www.ciefaa.com\/index.php\/2023\/12\/03\/programme-cultivons-lexcellence-2eme-edition\/' title='Projet \u00ab\u00a0Cultivons l\u2019Excellence\u00a0\u00bb, 2\u00e8me \u00e9dition'>Projet \u00ab\u00a0Cultivons l\u2019Excellence\u00a0\u00bb, 2\u00e8me \u00e9dition<\/a><\/h3><span class=\"av-vertical-delimiter\"><\/span><\/header><div class='slide-entry-excerpt entry-content'  itemprop=\"text\" >\nC'est avec une immense gratitude que nous avons cl\u00f4tur\u00e9 ce 07 ao\u00fbt 2023, la deuxi\u00e8me \u00e9dition de la collecte de fonds et la remise des dons aux meilleurs \u00e9l\u00e8ves aux diff\u00e9rents examens (CEPD, BEPC BAC I et BAC II) de la commune de VO\u2026<\/div><\/div><footer class=\"entry-footer\"><div class='slide-meta'><div class='slide-meta-comments'><a href='https:\/\/www.ciefaa.com\/index.php\/2023\/12\/03\/programme-cultivons-lexcellence-2eme-edition\/#respond'>0 Comments<\/a><\/div><div class='slide-meta-del'>\/<\/div><time class='slide-meta-time updated'  itemprop=\"datePublished\" datetime=\"2023-12-03T12:27:21+00:00\" >3 D\u00e9cembre 2023<\/time><\/div><\/footer><span class='hidden'>\n\t\t\t\t<span class='av-structured-data'  itemprop=\"image\" itemscope=\"itemscope\" itemtype=\"https:\/\/schema.org\/ImageObject\" >\n\t\t\t\t\t\t<span itemprop='url'>https:\/\/www.ciefaa.com\/wp-content\/uploads\/2023\/12\/ciefaa4.jpg<\/span>\n\t\t\t\t\t\t<span itemprop='height'>744<\/span>\n\t\t\t\t\t\t<span itemprop='width'>992<\/span>\n\t\t\t\t<\/span>\n\t\t\t\t<span class='av-structured-data'  itemprop=\"publisher\" itemtype=\"https:\/\/schema.org\/Organization\" itemscope=\"itemscope\" >\n\t\t\t\t\t\t<span itemprop='name'>benidivine<\/span>\n\t\t\t\t\t\t<span itemprop='logo' itemscope itemtype='https:\/\/schema.org\/ImageObject'>\n\t\t\t\t\t\t\t<span itemprop='url'>https:\/\/www.ciefaa.com\/wp-content\/uploads\/2024\/05\/CIEFAA-300x138.png<\/span>\n\t\t\t\t\t\t <\/span>\n\t\t\t\t<\/span><span class='av-structured-data'  itemprop=\"author\" itemscope=\"itemscope\" itemtype=\"https:\/\/schema.org\/Person\" ><span itemprop='name'>benidivine<\/span><\/span><span class='av-structured-data'  itemprop=\"datePublished\" datetime=\"2015-07-14T14:50:10+00:00\" >2023-12-03 12:27:21<\/span><span class='av-structured-data'  itemprop=\"dateModified\" itemtype=\"https:\/\/schema.org\/dateModified\" >2023-12-03 14:43:15<\/span><span class='av-structured-data'  itemprop=\"mainEntityOfPage\" itemtype=\"https:\/\/schema.org\/mainEntityOfPage\" ><span itemprop='name'>Projet \u00ab\u00a0Cultivons l\u2019Excellence\u00a0\u00bb, 2\u00e8me \u00e9dition<\/span><\/span><\/span><\/article><article class='slide-entry flex_column  post-entry post-entry-1080 slide-entry-overview slide-loop-2 slide-parity-even  post-entry-last  av_one_third  real-thumbnail post-format-standard'  itemscope=\"itemscope\" itemtype=\"https:\/\/schema.org\/CreativeWork\" ><a href='https:\/\/www.ciefaa.com\/index.php\/2023\/12\/03\/projet-cultivons-lexcellence-1ere-edition\/' data-rel='slide-1' class='slide-image' title='Projet \u00ab Cultivons l\u2019excellence \u00bb, 1\u00e8re \u00e9dition'><img decoding=\"async\" width=\"495\" height=\"400\" src=\"https:\/\/www.ciefaa.com\/wp-content\/uploads\/2023\/01\/4_-495x400.png\" class=\"wp-image-881 avia-img-lazy-loading-not-881 attachment-portfolio size-portfolio wp-post-image\" alt=\"\" srcset=\"https:\/\/www.ciefaa.com\/wp-content\/uploads\/2023\/01\/4_-495x400.png 495w, https:\/\/www.ciefaa.com\/wp-content\/uploads\/2023\/01\/4_-845x684.png 845w\" sizes=\"(max-width: 495px) 100vw, 495px\" \/><\/a><div class='slide-content'><header class=\"entry-content-header\"><span class=\"blog-categories minor-meta\"><a href=\"https:\/\/www.ciefaa.com\/index.php\/category\/excellence\/\" rel=\"tag\">Excellence<\/a> <\/span><h3 class='slide-entry-title entry-title '  itemprop=\"headline\" ><a href='https:\/\/www.ciefaa.com\/index.php\/2023\/12\/03\/projet-cultivons-lexcellence-1ere-edition\/' title='Projet \u00ab Cultivons l\u2019excellence \u00bb, 1\u00e8re \u00e9dition'>Projet \u00ab Cultivons l\u2019excellence \u00bb, 1\u00e8re \u00e9dition<\/a><\/h3><span class=\"av-vertical-delimiter\"><\/span><\/header><div class='slide-entry-excerpt entry-content'  itemprop=\"text\" >\nProjet \u00ab Cultivons l\u2019excellence \u00bb, 1\u00e8re \u00e9dition\n\n\n\n\n\n\n\nDans sa vision d\u2019\u00eatre un partenaire et une r\u00e9f\u00e9rence de choix dans le monde agricole et agroalimentaire, le Centre international d\u2019\u00e9tude et de formation en agriculture et\u2026<\/div><\/div><footer class=\"entry-footer\"><div class='slide-meta'><div class='slide-meta-comments'><a href='https:\/\/www.ciefaa.com\/index.php\/2023\/12\/03\/projet-cultivons-lexcellence-1ere-edition\/#respond'>0 Comments<\/a><\/div><div class='slide-meta-del'>\/<\/div><time class='slide-meta-time updated'  itemprop=\"datePublished\" datetime=\"2023-12-03T11:47:20+00:00\" >3 D\u00e9cembre 2023<\/time><\/div><\/footer><span class='hidden'>\n\t\t\t\t<span class='av-structured-data'  itemprop=\"image\" itemscope=\"itemscope\" itemtype=\"https:\/\/schema.org\/ImageObject\" >\n\t\t\t\t\t\t<span itemprop='url'>https:\/\/www.ciefaa.com\/wp-content\/uploads\/2023\/01\/4_.png<\/span>\n\t\t\t\t\t\t<span itemprop='height'>748<\/span>\n\t\t\t\t\t\t<span itemprop='width'>1000<\/span>\n\t\t\t\t<\/span>\n\t\t\t\t<span class='av-structured-data'  itemprop=\"publisher\" itemtype=\"https:\/\/schema.org\/Organization\" itemscope=\"itemscope\" >\n\t\t\t\t\t\t<span itemprop='name'>benidivine<\/span>\n\t\t\t\t\t\t<span itemprop='logo' itemscope itemtype='https:\/\/schema.org\/ImageObject'>\n\t\t\t\t\t\t\t<span itemprop='url'>https:\/\/www.ciefaa.com\/wp-content\/uploads\/2024\/05\/CIEFAA-300x138.png<\/span>\n\t\t\t\t\t\t <\/span>\n\t\t\t\t<\/span><span class='av-structured-data'  itemprop=\"author\" itemscope=\"itemscope\" itemtype=\"https:\/\/schema.org\/Person\" ><span itemprop='name'>benidivine<\/span><\/span><span class='av-structured-data'  itemprop=\"datePublished\" datetime=\"2015-07-14T14:50:10+00:00\" >2023-12-03 11:47:20<\/span><span class='av-structured-data'  itemprop=\"dateModified\" itemtype=\"https:\/\/schema.org\/dateModified\" >2023-12-03 11:47:21<\/span><span class='av-structured-data'  itemprop=\"mainEntityOfPage\" itemtype=\"https:\/\/schema.org\/mainEntityOfPage\" ><span itemprop='name'>Projet \u00ab Cultivons l\u2019excellence \u00bb, 1\u00e8re \u00e9dition<\/span><\/span><\/span><\/article><\/div><\/div><\/div>\n","protected":false},"excerpt":{"rendered":"","protected":false},"author":1,"featured_media":0,"parent":0,"menu_order":0,"comment_status":"open","ping_status":"closed","template":"","meta":{"footnotes":""},"class_list":["post-209","page","type-page","status-publish","hentry"],"_links":{"self":[{"href":"https:\/\/www.ciefaa.com\/index.php\/wp-json\/wp\/v2\/pages\/209","targetHints":{"allow":["GET"]}}],"collection":[{"href":"https:\/\/www.ciefaa.com\/index.php\/wp-json\/wp\/v2\/pages"}],"about":[{"href":"https:\/\/www.ciefaa.com\/index.php\/wp-json\/wp\/v2\/types\/page"}],"author":[{"embeddable":true,"href":"https:\/\/www.ciefaa.com\/index.php\/wp-json\/wp\/v2\/users\/1"}],"replies":[{"embeddable":true,"href":"https:\/\/www.ciefaa.com\/index.php\/wp-json\/wp\/v2\/comments?post=209"}],"version-history":[{"count":81,"href":"https:\/\/www.ciefaa.com\/index.php\/wp-json\/wp\/v2\/pages\/209\/revisions"}],"predecessor-version":[{"id":1133,"href":"https:\/\/www.ciefaa.com\/index.php\/wp-json\/wp\/v2\/pages\/209\/revisions\/1133"}],"wp:attachment":[{"href":"https:\/\/www.ciefaa.com\/index.php\/wp-json\/wp\/v2\/media?parent=209"}],"curies":[{"name":"wp","href":"https:\/\/api.w.org\/{rel}","templated":true}]}}