{"id":305,"date":"2021-07-21T01:13:39","date_gmt":"2021-07-21T01:13:39","guid":{"rendered":"http:\/\/localhost\/wordpress\/?page_id=305"},"modified":"2021-08-02T12:52:27","modified_gmt":"2021-08-02T12:52:27","slug":"partenaires","status":"publish","type":"page","link":"https:\/\/www.ciefaa.com\/index.php\/partenaires\/","title":{"rendered":"PARTENAIRES"},"content":{"rendered":"<div  class='avia-image-container  av-styling-  noHover  av-overlay-hover-deactivate   avia-builder-el-0  el_before_av_one_third  avia-builder-el-first  avia-align-center '  itemprop=\"image\" itemscope=\"itemscope\" itemtype=\"https:\/\/schema.org\/ImageObject\"  ><div class='avia-image-container-inner'><div class='avia-image-overlay-wrap'><div class='av-image-caption-overlay'><div class='av-caption-image-overlay-bg' style='opacity:0.4; background-color:#000000; '><\/div><div class='av-image-caption-overlay-position'><div class='av-image-caption-overlay-center' style='color:#ffffff; '><p>ACCUEIL > Partenaires<\/p>\n<\/div><\/div><\/div><img decoding=\"async\" class='wp-image-527 avia-img-lazy-loading-not-527 avia_image' src=\"https:\/\/www.ciefaa.com\/wp-content\/uploads\/2021\/07\/entete.jpeg\" alt='' title='entete' height=\"112\" width=\"1080\"  itemprop=\"thumbnailUrl\"  \/><\/div><\/div><\/div>\n<div class=\"flex_column av_one_third  flex_column_div av-zero-column-padding first  avia-builder-el-1  el_after_av_image  el_before_av_textblock  \" style='border-radius:0px; '><div  class='avia-image-container  av-styling-    avia-builder-el-2  avia-builder-el-no-sibling  avia-align-center '  itemprop=\"image\" itemscope=\"itemscope\" itemtype=\"https:\/\/schema.org\/ImageObject\"  ><div class='avia-image-container-inner'><div class='avia-image-overlay-wrap'><a href=\"https:\/\/cdrq.coop\/\" class='avia_image' ><img decoding=\"async\" width=\"225\" height=\"225\" class='wp-image-336 avia-img-lazy-loading-not-336 avia_image' src=\"https:\/\/www.ciefaa.com\/wp-content\/uploads\/2021\/07\/cdrq-2.png\" alt='' title='cdrq-2'  itemprop=\"thumbnailUrl\"  \/><\/a><\/div><\/div><\/div><\/div>\n<section class=\"av_textblock_section \"  itemscope=\"itemscope\" itemtype=\"https:\/\/schema.org\/CreativeWork\" ><div class='avia_textblock  '   itemprop=\"text\" ><div><a href=\"https:\/\/cdrq.coop\/\">Coop\u00e9rative de d\u00e9veloppement r\u00e9gional du Qu\u00e9bec <\/a><\/div>\n<div><a href=\"https:\/\/cdrq.coop\/\">(CDRQ)<\/a><\/div>\n<\/div><\/section>\n<div   class='hr hr-default   avia-builder-el-4  el_after_av_textblock  avia-builder-el-last '><span class='hr-inner ' ><span class='hr-inner-style'><\/span><\/span><\/div>\n","protected":false},"excerpt":{"rendered":"","protected":false},"author":1,"featured_media":0,"parent":0,"menu_order":0,"comment_status":"closed","ping_status":"closed","template":"","meta":{"footnotes":""},"class_list":["post-305","page","type-page","status-publish","hentry"],"_links":{"self":[{"href":"https:\/\/www.ciefaa.com\/index.php\/wp-json\/wp\/v2\/pages\/305","targetHints":{"allow":["GET"]}}],"collection":[{"href":"https:\/\/www.ciefaa.com\/index.php\/wp-json\/wp\/v2\/pages"}],"about":[{"href":"https:\/\/www.ciefaa.com\/index.php\/wp-json\/wp\/v2\/types\/page"}],"author":[{"embeddable":true,"href":"https:\/\/www.ciefaa.com\/index.php\/wp-json\/wp\/v2\/users\/1"}],"replies":[{"embeddable":true,"href":"https:\/\/www.ciefaa.com\/index.php\/wp-json\/wp\/v2\/comments?post=305"}],"version-history":[{"count":10,"href":"https:\/\/www.ciefaa.com\/index.php\/wp-json\/wp\/v2\/pages\/305\/revisions"}],"predecessor-version":[{"id":600,"href":"https:\/\/www.ciefaa.com\/index.php\/wp-json\/wp\/v2\/pages\/305\/revisions\/600"}],"wp:attachment":[{"href":"https:\/\/www.ciefaa.com\/index.php\/wp-json\/wp\/v2\/media?parent=305"}],"curies":[{"name":"wp","href":"https:\/\/api.w.org\/{rel}","templated":true}]}}