{"id":313,"date":"2021-07-21T21:53:09","date_gmt":"2021-07-21T21:53:09","guid":{"rendered":"http:\/\/localhost\/wordpress\/?page_id=313"},"modified":"2024-02-23T06:25:24","modified_gmt":"2024-02-23T06:25:24","slug":"vision-2","status":"publish","type":"page","link":"https:\/\/www.ciefaa.com\/index.php\/vision-2\/","title":{"rendered":"Vision"},"content":{"rendered":"<div  class='avia-image-container  av-styling-  noHover  av-overlay-hover-deactivate   avia-builder-el-0  el_before_av_one_third  avia-builder-el-first  avia-align-center '  itemprop=\"image\" itemscope=\"itemscope\" itemtype=\"https:\/\/schema.org\/ImageObject\"  ><div class='avia-image-container-inner'><div class='avia-image-overlay-wrap'><div class='av-image-caption-overlay'><div class='av-caption-image-overlay-bg' style='opacity:0.4; background-color:#000000; '><\/div><div class='av-image-caption-overlay-position'><div class='av-image-caption-overlay-center' style='color:#ffffff; '><p>QUI SOMMES NOUS  > Vision<\/p>\n<\/div><\/div><\/div><img decoding=\"async\" class='wp-image-527 avia-img-lazy-loading-not-527 avia_image' src=\"https:\/\/www.ciefaa.com\/wp-content\/uploads\/2021\/07\/entete.jpeg\" alt='' title='entete' height=\"112\" width=\"1080\"  itemprop=\"thumbnailUrl\"  \/><\/div><\/div><\/div>\n<div class=\"flex_column av_one_third  flex_column_div av-zero-column-padding first  avia-builder-el-1  el_after_av_image  el_before_av_two_third  \" style='border-radius:0px; '><p><section class=\"av_textblock_section \"  itemscope=\"itemscope\" itemtype=\"https:\/\/schema.org\/CreativeWork\" ><div class='avia_textblock  '   itemprop=\"text\" ><p><strong>Lire aussi<\/strong><\/p>\n<\/div><\/section><br \/>\n<div   class='hr hr-default   avia-builder-el-3  el_after_av_textblock  el_before_av_button_big  avia-builder-el-last '><span class='hr-inner ' ><span class='hr-inner-style'><\/span><\/span><\/div><br \/>\n<div  class='avia-button-wrap avia-button-center  avia-builder-el-4  el_after_av_hr  el_before_av_button_big ' ><a href='https:\/\/www.ciefaa.com\/index.php\/a-propos-qui-sommes-nous\/' class='avia-button avia-button-fullwidth  avia-font-color-black avia-icon_select-no avia-color-light '   ><span class='avia_iconbox_title' >A propos<\/span><span class='avia_button_background avia-button avia-button-fullwidth avia-color-light' ><\/span><\/a><\/div><br \/>\n<div  class='avia-button-wrap avia-button-center  avia-builder-el-5  el_after_av_button_big  el_before_av_button_big ' ><a href='https:\/\/www.ciefaa.com\/index.php\/vision-2\/' class='avia-button avia-button-fullwidth  avia-font-color-black avia-icon_select-no avia-color-light '   ><span class='avia_iconbox_title' >Vision<\/span><span class='avia_button_background avia-button avia-button-fullwidth avia-color-light' ><\/span><\/a><\/div><br \/>\n<div  class='avia-button-wrap avia-button-center  avia-builder-el-6  el_after_av_button_big  avia-builder-el-last ' ><a href='https:\/\/www.ciefaa.com\/index.php\/mission\/' class='avia-button avia-button-fullwidth  avia-font-color-black avia-icon_select-no avia-color-light '   ><span class='avia_iconbox_title' >Mission<\/span><span class='avia_button_background avia-button avia-button-fullwidth avia-color-light' ><\/span><\/a><\/div><\/p><\/div>\n<div class=\"flex_column av_two_third  flex_column_div av-zero-column-padding   avia-builder-el-7  el_after_av_one_third  el_before_av_hr  \" style='border-radius:0px; '><section class=\"av_textblock_section \"  itemscope=\"itemscope\" itemtype=\"https:\/\/schema.org\/CreativeWork\" ><div class='avia_textblock  '   itemprop=\"text\" ><p>Le CIEFAA souhaite \u00eatre un partenaire de choix et une r\u00e9f\u00e9rence dans l\u2019accompagnement des acteurs du monde rural et dans le d\u00e9veloppement agricole durable.<\/p>\n<\/div><\/section><\/div><div   class='hr hr-default   avia-builder-el-9  el_after_av_two_third  avia-builder-el-last '><span class='hr-inner ' ><span class='hr-inner-style'><\/span><\/span><\/div><\/p>\n","protected":false},"excerpt":{"rendered":"","protected":false},"author":1,"featured_media":0,"parent":0,"menu_order":0,"comment_status":"closed","ping_status":"closed","template":"","meta":{"footnotes":""},"class_list":["post-313","page","type-page","status-publish","hentry"],"_links":{"self":[{"href":"https:\/\/www.ciefaa.com\/index.php\/wp-json\/wp\/v2\/pages\/313","targetHints":{"allow":["GET"]}}],"collection":[{"href":"https:\/\/www.ciefaa.com\/index.php\/wp-json\/wp\/v2\/pages"}],"about":[{"href":"https:\/\/www.ciefaa.com\/index.php\/wp-json\/wp\/v2\/types\/page"}],"author":[{"embeddable":true,"href":"https:\/\/www.ciefaa.com\/index.php\/wp-json\/wp\/v2\/users\/1"}],"replies":[{"embeddable":true,"href":"https:\/\/www.ciefaa.com\/index.php\/wp-json\/wp\/v2\/comments?post=313"}],"version-history":[{"count":8,"href":"https:\/\/www.ciefaa.com\/index.php\/wp-json\/wp\/v2\/pages\/313\/revisions"}],"predecessor-version":[{"id":1101,"href":"https:\/\/www.ciefaa.com\/index.php\/wp-json\/wp\/v2\/pages\/313\/revisions\/1101"}],"wp:attachment":[{"href":"https:\/\/www.ciefaa.com\/index.php\/wp-json\/wp\/v2\/media?parent=313"}],"curies":[{"name":"wp","href":"https:\/\/api.w.org\/{rel}","templated":true}]}}