{"id":958,"date":"2023-01-15T20:15:20","date_gmt":"2023-01-15T20:15:20","guid":{"rendered":"https:\/\/www.ciefaa.com\/index.php\/etudes-socio-economiques-et-environnementales-2\/"},"modified":"2023-01-20T05:50:25","modified_gmt":"2023-01-20T05:50:25","slug":"introduits-moi","status":"publish","type":"page","link":"https:\/\/www.ciefaa.com\/index.php\/introduits-moi\/","title":{"rendered":"INTRODUITS-MOI"},"content":{"rendered":"<div  class='avia-image-container  av-styling-  noHover  av-overlay-hover-deactivate   avia-builder-el-0  el_before_av_one_third  avia-builder-el-first  avia-align-center '  itemprop=\"image\" itemscope=\"itemscope\" itemtype=\"https:\/\/schema.org\/ImageObject\"  ><div class='avia-image-container-inner'><div class='avia-image-overlay-wrap'><div class='av-image-caption-overlay'><div class='av-caption-image-overlay-bg' style='opacity:0.4; background-color:#000000; '><\/div><div class='av-image-caption-overlay-position'><div class='av-image-caption-overlay-center' style='color:#ffffff; '><p>Formation > INTRODUITS-MOI<\/p>\n<\/div><\/div><\/div><img decoding=\"async\" class='wp-image-527 avia-img-lazy-loading-not-527 avia_image' src=\"https:\/\/www.ciefaa.com\/wp-content\/uploads\/2021\/07\/entete.jpeg\" alt='' title='entete' height=\"112\" width=\"1080\"  itemprop=\"thumbnailUrl\"  \/><\/div><\/div><\/div>\n<div class=\"flex_column av_one_third  flex_column_div av-zero-column-padding first  avia-builder-el-1  el_after_av_image  el_before_av_two_third  \" style='border-radius:0px; '><p><section class=\"av_textblock_section \"  itemscope=\"itemscope\" itemtype=\"https:\/\/schema.org\/CreativeWork\" ><div class='avia_textblock  '   itemprop=\"text\" ><p><strong>Lire aussi<\/strong><\/p>\n<\/div><\/section><br \/>\n<div   class='hr hr-default   avia-builder-el-3  el_after_av_textblock  el_before_av_button_big  avia-builder-el-last '><span class='hr-inner ' ><span class='hr-inner-style'><\/span><\/span><\/div><br \/>\n<div  class='avia-button-wrap avia-button-center  avia-builder-el-4  el_after_av_hr  el_before_av_button_big ' ><a href='https:\/\/www.ciefaa.com\/index.php\/introduits-moi\/' class='avia-button avia-button-fullwidth  avia-font-color-black avia-icon_select-no avia-color-light '   ><span class='avia_iconbox_title' >Formations<\/span><span class='avia_button_background avia-button avia-button-fullwidth avia-color-light' ><\/span><\/a><\/div><br \/>\n<div  class='avia-button-wrap avia-button-center  avia-builder-el-5  el_after_av_button_big  el_before_av_button_big ' ><a href='https:\/\/www.ciefaa.com\/index.php\/biosecurite-ferme\/' class='avia-button avia-button-fullwidth  avia-font-color-black avia-icon_select-no avia-color-light '   ><span class='avia_iconbox_title' >\u00c9tudes Socio-\u00c9conomiques Et Environnementales<\/span><span class='avia_button_background avia-button avia-button-fullwidth avia-color-light' ><\/span><\/a><\/div><br \/>\n<div  class='avia-button-wrap avia-button-center  avia-builder-el-6  el_after_av_button_big  avia-builder-el-last ' ><a href='https:\/\/www.ciefaa.com\/index.php\/introduits-moi\/' class='avia-button avia-button-fullwidth  avia-font-color-black avia-icon_select-no avia-color-light '   ><span class='avia_iconbox_title' >Conf\u00e9rences<\/span><span class='avia_button_background avia-button avia-button-fullwidth avia-color-light' ><\/span><\/a><\/div><\/p><\/div><div class=\"flex_column av_two_third  flex_column_div av-zero-column-padding   avia-builder-el-7  el_after_av_one_third  el_before_av_hr  \" style='border-radius:0px; '><section class=\"av_textblock_section \"  itemscope=\"itemscope\" itemtype=\"https:\/\/schema.org\/CreativeWork\" ><div class='avia_textblock  '   itemprop=\"text\" ><ul>\n<li><b>Programme INTRODUITS-MOI<\/b><\/li>\n<\/ul>\n<p align=\"JUSTIFY\">Ce programme vise \u00e0 faciliter l\u2019int\u00e9gration d\u2019un travailleur agricole en g\u00e9n\u00e9ral et de ferme porcine en particulier sur march\u00e9 du travail agricole au Qu\u00e9bec, par une formation th\u00e9orique et pratique (stage) sur les notions de base.<\/p>\n<p align=\"JUSTIFY\">Ce programme s\u2019adresse donc en g\u00e9n\u00e9ral, \u00e0 toutes les cat\u00e9gories de personnes (professionnels du secteur agricole ou non) et en particulier aux personnes issues de l\u2019immigration, d\u00e9sireuses de travailler dans le milieu agricole et agroalimentaire en g\u00e9n\u00e9ral et dans le secteur porcin en particulier, mais \u00e9galement aux employeurs qui recrutent les nouveaux employ\u00e9s dans les fermes en g\u00e9n\u00e9ral et porcines en particulier.<\/p>\n<p>Les th\u00e8mes de formation vont de l\u2019aper\u00e7u g\u00e9n\u00e9ral du secteur porcin aux r\u00e9gies de fonctionnement d\u2019une maternit\u00e9 porcine (synchronisation et d\u00e9tection de chaleurs, l\u2019ins\u00e9mination artificielle, la pr\u00e9paration et le suivi des mises bas, le sevrage, etc. ), d\u2019une poupponni\u00e8re et d\u2019un engraissement sans oublier la bios\u00e9curit\u00e9 \u00e0 la ferme, le bien-\u00eatre animal, etc. Le contenu de la formation th\u00e9orique s\u2019adaptera au niveau de connaissance de la personne form\u00e9e, donc selon ses besoins et ses pr\u00e9-r\u00e9quis. La formation th\u00e9orique, d\u2019une dur\u00e9e totale de \u2026. H sera virtuelle (synchrone) et dispens\u00e9e en soir\u00e9e alors que la formation pratique (stage), d\u2019une dur\u00e9e totale de 4 semaines, sera faite en pr\u00e9sentiel \u00e0 la ferme et en journ\u00e9e.<\/p>\n<\/div><\/section><\/div><\/p>\n<div   class='hr hr-default   avia-builder-el-9  el_after_av_two_third  el_before_av_one_full '><span class='hr-inner ' ><span class='hr-inner-style'><\/span><\/span><\/div>\n<div class=\"flex_column av_one_full  flex_column_div av-zero-column-padding first  avia-builder-el-10  el_after_av_hr  el_before_av_one_full  \" style='border-radius:0px; '><\/div>\n<div class=\"flex_column av_one_full  flex_column_div av-zero-column-padding first  avia-builder-el-11  el_after_av_one_full  avia-builder-el-last  column-top-margin\" style='border-radius:0px; '><\/div>\n","protected":false},"excerpt":{"rendered":"","protected":false},"author":1,"featured_media":0,"parent":0,"menu_order":0,"comment_status":"closed","ping_status":"closed","template":"","meta":{"footnotes":""},"class_list":["post-958","page","type-page","status-publish","hentry"],"_links":{"self":[{"href":"https:\/\/www.ciefaa.com\/index.php\/wp-json\/wp\/v2\/pages\/958","targetHints":{"allow":["GET"]}}],"collection":[{"href":"https:\/\/www.ciefaa.com\/index.php\/wp-json\/wp\/v2\/pages"}],"about":[{"href":"https:\/\/www.ciefaa.com\/index.php\/wp-json\/wp\/v2\/types\/page"}],"author":[{"embeddable":true,"href":"https:\/\/www.ciefaa.com\/index.php\/wp-json\/wp\/v2\/users\/1"}],"replies":[{"embeddable":true,"href":"https:\/\/www.ciefaa.com\/index.php\/wp-json\/wp\/v2\/comments?post=958"}],"version-history":[{"count":6,"href":"https:\/\/www.ciefaa.com\/index.php\/wp-json\/wp\/v2\/pages\/958\/revisions"}],"predecessor-version":[{"id":1113,"href":"https:\/\/www.ciefaa.com\/index.php\/wp-json\/wp\/v2\/pages\/958\/revisions\/1113"}],"wp:attachment":[{"href":"https:\/\/www.ciefaa.com\/index.php\/wp-json\/wp\/v2\/media?parent=958"}],"curies":[{"name":"wp","href":"https:\/\/api.w.org\/{rel}","templated":true}]}}